{"id":541,"date":"2023-06-16T14:23:48","date_gmt":"2023-06-16T12:23:48","guid":{"rendered":"https:\/\/lfsnc.it\/?page_id=541"},"modified":"2023-06-24T21:11:11","modified_gmt":"2023-06-24T19:11:11","slug":"azienda","status":"publish","type":"page","link":"https:\/\/lfsnc.it\/index.php\/azienda\/","title":{"rendered":"Azienda"},"content":{"rendered":"\n\n\n\n\n<h1 class=\"wp-block-heading has-text-align-center\" style=\"margin-right:4em;margin-left:4em\">Forni e celle frigorifere: la migliore tecnologia per la ristorazione a Grosseto<\/h1>\n\n\n\n<p class=\"has-text-align-center\" style=\"margin-top:0.44rem;margin-right:0;margin-bottom:0.44rem;margin-left:0\">L.F. snc di Bruni Fabrizio &amp; Brinieri Leonardo \u00e8 l&#8217;azienda con esperienza ultraventennale nelle progettazione e installazione degli impianti per la ristorazione professionale. il tempo \u00e8 l&#8217;ingrediente principale nel nostro lavoro. Le capacit\u00e0 tecniche acquisite negli anni hanno permesso di selezionare le attrezzature di qualit\u00e0, garantendo cos\u00ec al cliente resistenza, affidabilit\u00e0 e sicurezza.<br>da sempre l&#8217;azienda opera nel settore ho.re.ca interfacciandosi con chef e restaurant manager pe la realizzazione di soluzioni pi\u00f9 adatte ad ogni tipo di esigenza. offriamo al cliente la professionalit\u00e0 dei nostri tecnici e la qualit\u00e0 dei prodotti per raggiungere insieme delle performance d&#8217;eccellenza.&nbsp;<\/p>\n\n\n\n<figure class=\"wp-block-gallery has-nested-images columns-6 is-cropped has-input-field-background-color has-background wp-block-gallery-1 is-layout-flex wp-block-gallery-is-layout-flex\" style=\"padding-top:var(--wp--preset--spacing--50);padding-right:3.38rem;padding-bottom:var(--wp--preset--spacing--50);padding-left:3.38rem\">\n<figure class=\"wp-block-image size-medium\"><img loading=\"lazy\" decoding=\"async\" width=\"300\" height=\"247\" data-id=\"725\" src=\"https:\/\/lfsnc.it\/wp-content\/uploads\/2023\/06\/EVOX_5T_SOTTOTAVOLO_A-5525308d-1920w-300x247.webp\" alt=\"\" class=\"wp-image-725\" srcset=\"https:\/\/lfsnc.it\/wp-content\/uploads\/2023\/06\/EVOX_5T_SOTTOTAVOLO_A-5525308d-1920w-300x247.webp 300w, https:\/\/lfsnc.it\/wp-content\/uploads\/2023\/06\/EVOX_5T_SOTTOTAVOLO_A-5525308d-1920w.webp 506w\" sizes=\"auto, (max-width: 300px) 100vw, 300px\" \/><\/figure>\n\n\n\n<figure class=\"wp-block-image size-large\"><img loading=\"lazy\" decoding=\"async\" width=\"950\" height=\"950\" data-id=\"728\" src=\"https:\/\/lfsnc.it\/wp-content\/uploads\/2023\/06\/oasis-1400-1920w.webp\" alt=\"\" class=\"wp-image-728\" srcset=\"https:\/\/lfsnc.it\/wp-content\/uploads\/2023\/06\/oasis-1400-1920w.webp 950w, https:\/\/lfsnc.it\/wp-content\/uploads\/2023\/06\/oasis-1400-1920w-300x300.webp 300w, https:\/\/lfsnc.it\/wp-content\/uploads\/2023\/06\/oasis-1400-1920w-150x150.webp 150w, https:\/\/lfsnc.it\/wp-content\/uploads\/2023\/06\/oasis-1400-1920w-768x768.webp 768w\" sizes=\"auto, (max-width: 950px) 100vw, 950px\" \/><\/figure>\n\n\n\n<figure class=\"wp-block-image size-full\"><img loading=\"lazy\" decoding=\"async\" width=\"1000\" height=\"854\" data-id=\"730\" src=\"https:\/\/lfsnc.it\/wp-content\/uploads\/2023\/06\/CQ150-250_ARI-d5b05c1e-1920w.webp\" alt=\"\" class=\"wp-image-730\" srcset=\"https:\/\/lfsnc.it\/wp-content\/uploads\/2023\/06\/CQ150-250_ARI-d5b05c1e-1920w.webp 1000w, https:\/\/lfsnc.it\/wp-content\/uploads\/2023\/06\/CQ150-250_ARI-d5b05c1e-1920w-300x256.webp 300w, https:\/\/lfsnc.it\/wp-content\/uploads\/2023\/06\/CQ150-250_ARI-d5b05c1e-1920w-768x656.webp 768w\" sizes=\"auto, (max-width: 1000px) 100vw, 1000px\" \/><\/figure>\n\n\n\n<figure class=\"wp-block-image size-large\"><img loading=\"lazy\" decoding=\"async\" width=\"950\" height=\"950\" data-id=\"726\" src=\"https:\/\/lfsnc.it\/wp-content\/uploads\/2023\/06\/oasis_700vetro-1920w.webp\" alt=\"\" class=\"wp-image-726\" srcset=\"https:\/\/lfsnc.it\/wp-content\/uploads\/2023\/06\/oasis_700vetro-1920w.webp 950w, https:\/\/lfsnc.it\/wp-content\/uploads\/2023\/06\/oasis_700vetro-1920w-300x300.webp 300w, https:\/\/lfsnc.it\/wp-content\/uploads\/2023\/06\/oasis_700vetro-1920w-150x150.webp 150w, https:\/\/lfsnc.it\/wp-content\/uploads\/2023\/06\/oasis_700vetro-1920w-768x768.webp 768w\" sizes=\"auto, (max-width: 950px) 100vw, 950px\" \/><\/figure>\n\n\n\n<figure class=\"wp-block-image size-large\"><img loading=\"lazy\" decoding=\"async\" width=\"1024\" height=\"811\" data-id=\"729\" src=\"https:\/\/lfsnc.it\/wp-content\/uploads\/2023\/06\/Daiquiri-1PM-LISCIO-1920w-1024x811.webp\" alt=\"\" class=\"wp-image-729\" srcset=\"https:\/\/lfsnc.it\/wp-content\/uploads\/2023\/06\/Daiquiri-1PM-LISCIO-1920w-1024x811.webp 1024w, https:\/\/lfsnc.it\/wp-content\/uploads\/2023\/06\/Daiquiri-1PM-LISCIO-1920w-300x238.webp 300w, https:\/\/lfsnc.it\/wp-content\/uploads\/2023\/06\/Daiquiri-1PM-LISCIO-1920w-768x608.webp 768w, https:\/\/lfsnc.it\/wp-content\/uploads\/2023\/06\/Daiquiri-1PM-LISCIO-1920w.webp 1200w\" sizes=\"auto, (max-width: 1024px) 100vw, 1024px\" \/><\/figure>\n\n\n\n<figure class=\"wp-block-image size-large\"><img loading=\"lazy\" decoding=\"async\" width=\"620\" height=\"699\" data-id=\"731\" src=\"https:\/\/lfsnc.it\/wp-content\/uploads\/2023\/06\/CP20-25-30_ARI-1920w-1.webp\" alt=\"\" class=\"wp-image-731\" srcset=\"https:\/\/lfsnc.it\/wp-content\/uploads\/2023\/06\/CP20-25-30_ARI-1920w-1.webp 620w, https:\/\/lfsnc.it\/wp-content\/uploads\/2023\/06\/CP20-25-30_ARI-1920w-1-266x300.webp 266w\" sizes=\"auto, (max-width: 620px) 100vw, 620px\" \/><\/figure>\n<\/figure>\n\n\n\n<div class=\"wp-block-group is-content-justification-center is-nowrap is-layout-flex wp-container-core-group-is-layout-a25ad820 wp-block-group-is-layout-flex\" style=\"margin-top:0;margin-bottom:0;padding-top:var(--wp--preset--spacing--50);padding-bottom:var(--wp--preset--spacing--50)\">\n<div class=\"wp-block-buttons is-content-justification-center is-layout-flex wp-container-core-buttons-is-layout-a89b3969 wp-block-buttons-is-layout-flex\">\n<div class=\"wp-block-button\"><a class=\"wp-block-button__link wp-element-button\">Benefici Pubblici 2020<\/a><\/div>\n<\/div>\n<\/div>\n\n\n\n<div class=\"wp-block-group has-primary-background-color has-background is-content-justification-center is-nowrap is-layout-flex wp-container-core-group-is-layout-23441af8 wp-block-group-is-layout-flex\" style=\"border-radius:1em\">\n<div class=\"wp-block-group is-vertical is-content-justification-center is-layout-flex wp-container-core-group-is-layout-ce155fab wp-block-group-is-layout-flex\">\n<div class=\"wp-block-outermost-icon-block items-justified-center\"><div class=\"icon-container has-icon-color has-background-color\" style=\"color:#fffef7;width:90px\"><svg xmlns=\"http:\/\/www.w3.org\/2000\/svg\" viewBox=\"0 0 512 512\"><path d=\"M280 0C408.1 0 512 103.9 512 232c0 13.3-10.7 24-24 24s-24-10.7-24-24c0-101.6-82.4-184-184-184c-13.3 0-24-10.7-24-24s10.7-24 24-24zm8 192a32 32 0 1 1 0 64 32 32 0 1 1 0-64zm-32-72c0-13.3 10.7-24 24-24c75.1 0 136 60.9 136 136c0 13.3-10.7 24-24 24s-24-10.7-24-24c0-48.6-39.4-88-88-88c-13.3 0-24-10.7-24-24zM117.5 1.4c19.4-5.3 39.7 4.6 47.4 23.2l40 96c6.8 16.3 2.1 35.2-11.6 46.3L144 207.3c33.3 70.4 90.3 127.4 160.7 160.7L345 318.7c11.2-13.7 30-18.4 46.3-11.6l96 40c18.6 7.7 28.5 28 23.2 47.4l-24 88C481.8 499.9 466 512 448 512C200.6 512 0 311.4 0 64C0 46 12.1 30.2 29.5 25.4l88-24z\"><\/path><\/svg><\/div><\/div>\n\n\n\n<p class=\"has-text-align-center has-background-color has-text-color has-extra-large-font-size\" style=\"margin-right:0em;margin-left:0em\">Chiedi ai professionisti delle forniture Ho.Re.Ca per l&#8217;acquisto di forni e celle frigorifere professionali.<br><strong>Contattaci subito per un preventivo gratuito!<\/strong><\/p>\n<\/div>\n<\/div>\n","protected":false},"excerpt":{"rendered":"<p>Forni e celle frigorifere: la migliore tecnologia per la ristorazione a Grosseto L.F. snc di [&hellip;]<\/p>\n","protected":false},"author":1,"featured_media":0,"parent":0,"menu_order":0,"comment_status":"closed","ping_status":"closed","template":"page-no-title","meta":{"footnotes":""},"class_list":["post-541","page","type-page","status-publish","hentry"],"_links":{"self":[{"href":"https:\/\/lfsnc.it\/index.php\/wp-json\/wp\/v2\/pages\/541","targetHints":{"allow":["GET"]}}],"collection":[{"href":"https:\/\/lfsnc.it\/index.php\/wp-json\/wp\/v2\/pages"}],"about":[{"href":"https:\/\/lfsnc.it\/index.php\/wp-json\/wp\/v2\/types\/page"}],"author":[{"embeddable":true,"href":"https:\/\/lfsnc.it\/index.php\/wp-json\/wp\/v2\/users\/1"}],"replies":[{"embeddable":true,"href":"https:\/\/lfsnc.it\/index.php\/wp-json\/wp\/v2\/comments?post=541"}],"version-history":[{"count":0,"href":"https:\/\/lfsnc.it\/index.php\/wp-json\/wp\/v2\/pages\/541\/revisions"}],"wp:attachment":[{"href":"https:\/\/lfsnc.it\/index.php\/wp-json\/wp\/v2\/media?parent=541"}],"curies":[{"name":"wp","href":"https:\/\/api.w.org\/{rel}","templated":true}]}}